{"id":355,"date":"2020-12-16T23:26:47","date_gmt":"2020-12-16T23:26:47","guid":{"rendered":"http:\/\/erreqerremadrid.com\/?page_id=355"},"modified":"2023-03-18T09:37:08","modified_gmt":"2023-03-18T09:37:08","slug":"contacto","status":"publish","type":"page","link":"https:\/\/erreqerremadrid.com\/en\/contacto\/","title":{"rendered":"Reservar en Erre Que Erre"},"content":{"rendered":"<div class=\"container-fluid mb-5\">\n  <div class=\"section-title text-center\">\n      <h2>Contact Us<\/h2>\n      <p>\u00bfC\u00f3mo podemos ayudarte?<\/p>\n  <\/div>\n\n  <div class=\"row align-items-center\">\n      <div class=\"col-md-6\">\n          <div class=\"footer-widget-1 container text-center\" data-aos=\"fade-up\">\n              <aside id=\"custom_html-6\" class=\"widget_text widget inner-padding widget_custom_html\">\n                  <div class=\"textwidget custom-html-widget\">\n                      <h3> Restaurants <span style=\"color:#cda45e\">Erre Que Erre<\/span><\/h3>\n                      <p>No dejes para ma\u00f1ana, lo que puedes salir HOY!<\/p>\n                  <\/div>\n              <\/aside>\n              <aside id=\"custom_html-7\" class=\"widget_text widget inner-padding widget_custom_html\">\n                  <div class=\"textwidget custom-html-widget\">\n                          <h6>Location<\/h6>\n                          <p>\n                            <a class=\"text-white\" href=\"https:\/\/goo.gl\/maps\/UCFiGse1BUvLehx66\">Erre Que Erre Fuencarral: Calle de Fuencarral, 145,\n                              28010 Madrid, Espa\u00f1a<\/a><br>\n                                <a class=\"text-white\" href=\"https:\/\/goo.gl\/maps\/ZfLg7cFxekZ8r8bd6\">Erre Que Erre Latina: Calle de la Cava Baja, 24,\n                              28005 Madrid, Espa\u00f1a<\/a><br>\n  <a class=\"text-white\" href=\"https:\/\/goo.gl\/maps\/2Gdj5sJvwzMTehT69\">Erre Que Erre Retiro: C. de Narv\u00e1ez, 72, 28009 Madrid<\/a>\n                          <\/p>\n                  <\/div>\n              <\/aside>\n              <aside id=\"custom_html-8\" class=\"widget_text widget inner-padding widget_custom_html\">\n                  <div class=\"textwidget custom-html-widget\">\n                      <h6>Phone<\/h6>\n                      <p>\n                        Erre Que Erre Fuencarral: <a href=\"tel:+34 910558830\">+34 910558830<\/a> <br>\n                        Erre Que Erre Latina: <a href=\"tel:+34 810525024\">+34 910465607<\/a> <br>\nErre Que Erre Retiro: <a href=\"tel:+34911496396\">+34 911496396<\/a> <br>\n                      <\/p>\n                  <\/div>\n              <\/aside>\n              <aside id=\"custom_html-9\" class=\"widget_text widget inner-padding widget_custom_html\">\n                  <div class=\"textwidget custom-html-widget\">\n                      <h6>Email:<\/h6>\n                      <p>\n                        <a href=\"mailto:cavabaja24@erreqerremadrid.com\" class=\"text-white\">cavabaja24@erreqerremadrid.com<\/a><br>\n                        <a href=\"mailto:fuencarral145@erreqerremadrid.com\" class=\"text-white\">fuencarral145@erreqerremadrid.com<\/a><br>\n                      <\/p>\n                      <a class=\"rounded-circle bg-dark p-1\"><i class=\"bx bxl-facebook-circle\"><\/i><\/a>\n                      <a class=\"rounded-circle bg-dark p-1\"><i class=\"bx bxl-instagram-alt\"><\/i><\/a>\n                  <\/div>\n              <\/aside>\t\t\n          <\/div>\n      <\/div>\n      <div class=\"col-md-6\">\n          <!-- ======= form ======= -->\n          <section id=\"why-us\" class=\"why-us py-0 contact-form\" style=\"background-color: #0c0b09;\">\n              <div class=\"container-fluid\" data-aos=\"fade-up\">\n                  <div class=\"form-home\"><div role=\"form\" class=\"wpcf7\" id=\"wpcf7-f505-o1\" lang=\"es-ES\" dir=\"ltr\">\n<div class=\"screen-reader-response\"><p role=\"status\" aria-live=\"polite\" aria-atomic=\"true\"><\/p> <ul><\/ul><\/div>\n<form action=\"\/en\/wp-json\/wp\/v2\/pages\/355#wpcf7-f505-o1\" method=\"post\" class=\"wpcf7-form init\" novalidate=\"novalidate\" data-status=\"init\" data-trp-original-action=\"\/en\/wp-json\/wp\/v2\/pages\/355#wpcf7-f505-o1\">\n<div style=\"display: none;\">\n<input type=\"hidden\" name=\"_wpcf7\" value=\"505\" \/>\n<input type=\"hidden\" name=\"_wpcf7_version\" value=\"5.6.4\" \/>\n<input type=\"hidden\" name=\"_wpcf7_locale\" value=\"es_ES\" \/>\n<input type=\"hidden\" name=\"_wpcf7_unit_tag\" value=\"wpcf7-f505-o1\" \/>\n<input type=\"hidden\" name=\"_wpcf7_container_post\" value=\"0\" \/>\n<input type=\"hidden\" name=\"_wpcf7_posted_data_hash\" value=\"\" \/>\n<\/div>\n<div class=\"container-fluid\">\n<div class=\"row\">\n<div class=\"col-md-4\">\n            <label> <span class=\"wpcf7-form-control-wrap\" data-name=\"your-name\"><input type=\"text\" name=\"your-name\" value=\"Tu nombre*\" size=\"40\" class=\"wpcf7-form-control wpcf7-text wpcf7-validates-as-required\" aria-required=\"true\" aria-invalid=\"false\" \/><\/span> <\/label>\n        <\/div>\n<div class=\"col-md-4\">\n            <label><span class=\"wpcf7-form-control-wrap\" data-name=\"your-email\"><input type=\"email\" name=\"your-email\" value=\"Email*\" size=\"40\" class=\"wpcf7-form-control wpcf7-text wpcf7-email wpcf7-validates-as-required wpcf7-validates-as-email\" aria-required=\"true\" aria-invalid=\"false\" \/><\/span> <\/label>\n        <\/div>\n<div class=\"col-md-4\">\n            <label> <span class=\"wpcf7-form-control-wrap\" data-name=\"tel-840\"><input type=\"tel\" name=\"tel-840\" value=\"Tel\u00e9fono\" size=\"40\" class=\"wpcf7-form-control wpcf7-text wpcf7-tel wpcf7-validates-as-tel\" aria-invalid=\"false\" \/><\/span> <\/label>\n        <\/div>\n<\/div>\n<div class=\"row\">\n<div class=\"col-md-12\">\n            <label> Tu mensaje<br \/>\n                <span class=\"wpcf7-form-control-wrap\" data-name=\"your-message\"><textarea name=\"your-message\" cols=\"40\" rows=\"10\" class=\"wpcf7-form-control wpcf7-textarea\" aria-invalid=\"false\"><\/textarea><\/span> <\/label>\n        <\/div>\n<\/div>\n<div class=\"row\">\n<div class=\"col-md-12\">\n            <input type=\"submit\" value=\"Submit\" class=\"wpcf7-form-control has-spinner wpcf7-submit\" \/>\n        <\/div>\n<\/div>\n<\/div>\n<div class=\"wpcf7-response-output\" aria-hidden=\"true\"><\/div><input type=\"hidden\" name=\"trp-form-language\" value=\"en\"\/><\/form><\/div><\/div>\n              <\/div>\n          <\/section><!-- form -->\n      <\/div>\n  <\/div>\n<\/div>\n\n\n\n<div class=\"mt-5 p-0\" style=\" max-width:100%;width: 100%;\">\n    <div class=\"\" style=\"background:#1a1814;\">\n        <div class=\"\">\n            <section id=\"contact\" class=\"contact\">\n                <div class=\"container aos-init aos-animate\" data-aos=\"fade-up\">\n          \n                  <div class=\"section-title\">\n                    <h2>Where we are?<\/h2>\n                    <p>Nuestros Restauranes<\/p>\n                  <\/div>\n                <\/div>\n          \n                <div data-aos=\"fade-up\" class=\"aos-init aos-animate\">\n                    <iframe style=\"border:0; width: 100%; height: 350px;\" src=\"https:\/\/www.google.com\/maps\/embed?pb=!1m16!1m12!1m3!1d48612.62345219892!2d-3.7394311216416227!3d40.40244886540691!2m3!1f0!2f0!3f0!3m2!1i1024!2i768!4f13.1!2m1!1serre%20que%20erre%20restaurante!5e0!3m2!1ses!2ses!4v1608381169683!5m2!1ses!2ses\" frameborder=\"0\" allowfullscreen=\"\"><\/iframe>\n                <\/div>\n            <\/section>\n        <\/div>\n    <\/div>\n<\/div>","protected":false},"excerpt":{"rendered":"<p>Cont\u00e1ctanos \u00bfC\u00f3mo podemos ayudarte? Restaurantes Erre Que Erre No dejes para ma\u00f1ana, lo que puedes salir HOY! Direcci\u00f3n: Erre Que Erre Fuencarral: Calle de Fuencarral, 145, 28010 Madrid, Espa\u00f1a Erre Que Erre Latina: Calle de la Cava Baja, 24, 28005 Madrid, Espa\u00f1a Erre Que Erre Retiro: C. de Narv\u00e1ez, 72, 28009 Madrid Tel\u00e9fono: Erre Que &#8230; <a title=\"Reservar en Erre Que Erre\" class=\"read-more\" href=\"https:\/\/erreqerremadrid.com\/en\/contacto\/\" aria-label=\"More on Reservar en Erre Que Erre\">Read more<\/a><\/p>","protected":false},"author":1,"featured_media":0,"parent":0,"menu_order":0,"comment_status":"closed","ping_status":"closed","template":"","meta":{"footnotes":""},"class_list":["post-355","page","type-page","status-publish"],"yoast_head":"<!-- This site is optimized with the Yoast SEO plugin v19.9 - https:\/\/yoast.com\/wordpress\/plugins\/seo\/ -->\n<title>Reservar en Erre Que Erre - \u00bfD\u00f3nde te gustar\u00eda?<\/title>\n<meta name=\"description\" content=\"Para Reservar en Erre Que Erre, solo entra y escoge en cual de nuestros restaurantes quieres reservar, enseguida te responderemos.\" \/>\n<meta name=\"robots\" content=\"index, follow, max-snippet:-1, max-image-preview:large, max-video-preview:-1\" \/>\n<link rel=\"canonical\" href=\"https:\/\/erreqerremadrid.com\/en\/contacto\/\" \/>\n<meta property=\"og:locale\" content=\"en_US\" \/>\n<meta property=\"og:type\" content=\"article\" \/>\n<meta property=\"og:title\" content=\"Reservar en Erre Que Erre - \u00bfD\u00f3nde te gustar\u00eda?\" \/>\n<meta property=\"og:description\" content=\"Para Reservar en Erre Que Erre, solo entra y escoge en cual de nuestros restaurantes quieres reservar, enseguida te responderemos.\" \/>\n<meta property=\"og:url\" content=\"https:\/\/erreqerremadrid.com\/en\/contacto\/\" \/>\n<meta property=\"article:modified_time\" content=\"2023-03-18T09:37:08+00:00\" \/>\n<meta name=\"twitter:card\" content=\"summary_large_image\" \/>\n<meta name=\"twitter:label1\" content=\"Est. reading time\" \/>\n\t<meta name=\"twitter:data1\" content=\"1 minute\" \/>\n<script type=\"application\/ld+json\" class=\"yoast-schema-graph\">{\"@context\":\"https:\/\/schema.org\",\"@graph\":[{\"@type\":\"WebPage\",\"@id\":\"https:\/\/erreqerremadrid.com\/contacto\/\",\"url\":\"https:\/\/erreqerremadrid.com\/contacto\/\",\"name\":\"Reservar en Erre Que Erre - \u00bfD\u00f3nde te gustar\u00eda?\",\"isPartOf\":{\"@id\":\"https:\/\/erreqerremadrid.com\/#website\"},\"datePublished\":\"2020-12-16T23:26:47+00:00\",\"dateModified\":\"2023-03-18T09:37:08+00:00\",\"description\":\"Para Reservar en Erre Que Erre, solo entra y escoge en cual de nuestros restaurantes quieres reservar, enseguida te responderemos.\",\"breadcrumb\":{\"@id\":\"https:\/\/erreqerremadrid.com\/contacto\/#breadcrumb\"},\"inLanguage\":\"en-US\",\"potentialAction\":[{\"@type\":\"ReadAction\",\"target\":[\"https:\/\/erreqerremadrid.com\/contacto\/\"]}]},{\"@type\":\"BreadcrumbList\",\"@id\":\"https:\/\/erreqerremadrid.com\/contacto\/#breadcrumb\",\"itemListElement\":[{\"@type\":\"ListItem\",\"position\":1,\"name\":\"Portada\",\"item\":\"https:\/\/erreqerremadrid.com\/\"},{\"@type\":\"ListItem\",\"position\":2,\"name\":\"Reservar en Erre Que Erre\"}]},{\"@type\":\"WebSite\",\"@id\":\"https:\/\/erreqerremadrid.com\/#website\",\"url\":\"https:\/\/erreqerremadrid.com\/\",\"name\":\"\",\"description\":\"\",\"publisher\":{\"@id\":\"https:\/\/erreqerremadrid.com\/#organization\"},\"potentialAction\":[{\"@type\":\"SearchAction\",\"target\":{\"@type\":\"EntryPoint\",\"urlTemplate\":\"https:\/\/erreqerremadrid.com\/?s={search_term_string}\"},\"query-input\":\"required name=search_term_string\"}],\"inLanguage\":\"en-US\"},{\"@type\":\"Organization\",\"@id\":\"https:\/\/erreqerremadrid.com\/#organization\",\"name\":\"Erre Que Erre\",\"url\":\"https:\/\/erreqerremadrid.com\/\",\"logo\":{\"@type\":\"ImageObject\",\"inLanguage\":\"en-US\",\"@id\":\"https:\/\/erreqerremadrid.com\/#\/schema\/logo\/image\/\",\"url\":\"https:\/\/erreqerremadrid.com\/wp-content\/uploads\/2020\/12\/logo-1.png\",\"contentUrl\":\"https:\/\/erreqerremadrid.com\/wp-content\/uploads\/2020\/12\/logo-1.png\",\"width\":560,\"height\":182,\"caption\":\"Erre Que Erre\"},\"image\":{\"@id\":\"https:\/\/erreqerremadrid.com\/#\/schema\/logo\/image\/\"}}]}<\/script>\n<!-- \/ Yoast SEO plugin. -->","yoast_head_json":{"title":"Reservar en Erre Que Erre - \u00bfD\u00f3nde te gustar\u00eda?","description":"Para Reservar en Erre Que Erre, solo entra y escoge en cual de nuestros restaurantes quieres reservar, enseguida te responderemos.","robots":{"index":"index","follow":"follow","max-snippet":"max-snippet:-1","max-image-preview":"max-image-preview:large","max-video-preview":"max-video-preview:-1"},"canonical":"https:\/\/erreqerremadrid.com\/en\/contacto\/","og_locale":"en_US","og_type":"article","og_title":"Reservar en Erre Que Erre - \u00bfD\u00f3nde te gustar\u00eda?","og_description":"Para Reservar en Erre Que Erre, solo entra y escoge en cual de nuestros restaurantes quieres reservar, enseguida te responderemos.","og_url":"https:\/\/erreqerremadrid.com\/en\/contacto\/","article_modified_time":"2023-03-18T09:37:08+00:00","twitter_card":"summary_large_image","twitter_misc":{"Est. reading time":"1 minute"},"schema":{"@context":"https:\/\/schema.org","@graph":[{"@type":"WebPage","@id":"https:\/\/erreqerremadrid.com\/contacto\/","url":"https:\/\/erreqerremadrid.com\/contacto\/","name":"Reservar en Erre Que Erre - \u00bfD\u00f3nde te gustar\u00eda?","isPartOf":{"@id":"https:\/\/erreqerremadrid.com\/#website"},"datePublished":"2020-12-16T23:26:47+00:00","dateModified":"2023-03-18T09:37:08+00:00","description":"Para Reservar en Erre Que Erre, solo entra y escoge en cual de nuestros restaurantes quieres reservar, enseguida te responderemos.","breadcrumb":{"@id":"https:\/\/erreqerremadrid.com\/contacto\/#breadcrumb"},"inLanguage":"en-US","potentialAction":[{"@type":"ReadAction","target":["https:\/\/erreqerremadrid.com\/contacto\/"]}]},{"@type":"BreadcrumbList","@id":"https:\/\/erreqerremadrid.com\/contacto\/#breadcrumb","itemListElement":[{"@type":"ListItem","position":1,"name":"Portada","item":"https:\/\/erreqerremadrid.com\/"},{"@type":"ListItem","position":2,"name":"Reservar en Erre Que Erre"}]},{"@type":"WebSite","@id":"https:\/\/erreqerremadrid.com\/#website","url":"https:\/\/erreqerremadrid.com\/","name":"","description":"","publisher":{"@id":"https:\/\/erreqerremadrid.com\/#organization"},"potentialAction":[{"@type":"SearchAction","target":{"@type":"EntryPoint","urlTemplate":"https:\/\/erreqerremadrid.com\/?s={search_term_string}"},"query-input":"required name=search_term_string"}],"inLanguage":"en-US"},{"@type":"Organization","@id":"https:\/\/erreqerremadrid.com\/#organization","name":"Erre Que Erre","url":"https:\/\/erreqerremadrid.com\/","logo":{"@type":"ImageObject","inLanguage":"en-US","@id":"https:\/\/erreqerremadrid.com\/#\/schema\/logo\/image\/","url":"https:\/\/erreqerremadrid.com\/wp-content\/uploads\/2020\/12\/logo-1.png","contentUrl":"https:\/\/erreqerremadrid.com\/wp-content\/uploads\/2020\/12\/logo-1.png","width":560,"height":182,"caption":"Erre Que Erre"},"image":{"@id":"https:\/\/erreqerremadrid.com\/#\/schema\/logo\/image\/"}}]}},"_links":{"self":[{"href":"https:\/\/erreqerremadrid.com\/en\/wp-json\/wp\/v2\/pages\/355","targetHints":{"allow":["GET"]}}],"collection":[{"href":"https:\/\/erreqerremadrid.com\/en\/wp-json\/wp\/v2\/pages"}],"about":[{"href":"https:\/\/erreqerremadrid.com\/en\/wp-json\/wp\/v2\/types\/page"}],"author":[{"embeddable":true,"href":"https:\/\/erreqerremadrid.com\/en\/wp-json\/wp\/v2\/users\/1"}],"replies":[{"embeddable":true,"href":"https:\/\/erreqerremadrid.com\/en\/wp-json\/wp\/v2\/comments?post=355"}],"version-history":[{"count":47,"href":"https:\/\/erreqerremadrid.com\/en\/wp-json\/wp\/v2\/pages\/355\/revisions"}],"predecessor-version":[{"id":1800,"href":"https:\/\/erreqerremadrid.com\/en\/wp-json\/wp\/v2\/pages\/355\/revisions\/1800"}],"wp:attachment":[{"href":"https:\/\/erreqerremadrid.com\/en\/wp-json\/wp\/v2\/media?parent=355"}],"curies":[{"name":"wp","href":"https:\/\/api.w.org\/{rel}","templated":true}]}}