{"id":1420,"date":"2021-03-29T13:22:58","date_gmt":"2021-03-29T13:22:58","guid":{"rendered":"https:\/\/erreqerremadrid.com\/?page_id=1420"},"modified":"2021-03-29T14:22:21","modified_gmt":"2021-03-29T14:22:21","slug":"restaurantes-de-la-calle-fuencarral-en-madrid","status":"publish","type":"page","link":"https:\/\/erreqerremadrid.com\/en\/restaurantes-de-la-calle-fuencarral-en-madrid\/","title":{"rendered":"Restaurantes de la calle Fuencarral en Madrid"},"content":{"rendered":"<div class=\"wp-block-columns is-layout-flex wp-container-core-columns-is-layout-9d6595d7 wp-block-columns-is-layout-flex\">\n<div class=\"wp-block-column container is-layout-flow wp-block-column-is-layout-flow\">\n<p><img loading=\"lazy\" decoding=\"async\" class=\"alignnone wp-image-1428\" src=\"https:\/\/erreqerremadrid.com\/wp-content\/uploads\/2021\/03\/restaurantes-en-calle-fuencarral.jpg\" alt=\"Restaurantes de la calle Fuencarral en Madrid\" width=\"800\" height=\"448\" srcset=\"https:\/\/erreqerremadrid.com\/wp-content\/uploads\/2021\/03\/restaurantes-en-calle-fuencarral.jpg 1767w, https:\/\/erreqerremadrid.com\/wp-content\/uploads\/2021\/03\/restaurantes-en-calle-fuencarral-300x168.jpg 300w, https:\/\/erreqerremadrid.com\/wp-content\/uploads\/2021\/03\/restaurantes-en-calle-fuencarral-1024x573.jpg 1024w, https:\/\/erreqerremadrid.com\/wp-content\/uploads\/2021\/03\/restaurantes-en-calle-fuencarral-768x430.jpg 768w, https:\/\/erreqerremadrid.com\/wp-content\/uploads\/2021\/03\/restaurantes-en-calle-fuencarral-1536x860.jpg 1536w, https:\/\/erreqerremadrid.com\/wp-content\/uploads\/2021\/03\/restaurantes-en-calle-fuencarral-16x9.jpg 16w\" sizes=\"auto, (max-width: 800px) 100vw, 800px\" \/><\/p>\n<h1>Restaurantes de la calle Fuencarral en Madrid<\/h1>\n<p>\u00bfQu\u00e9 andas buscando <strong>Restaurantes de la calle Fuencarral en Madrid<\/strong>?. Bueno\u00a0 debes saber que esta calle\u00a0es una v\u00eda comercial muy populosa y transitada. Llena de tiendas de ropa, ferreter\u00edas, electr\u00f3nica, restaurantes y dem\u00e1s negocios. \u00a0Te topar\u00e1s con marcas de renombre tanto nacionales como internacionales. Puedes encontrar algunas como Sfera, Adidas y Desigual y tiendas de dise\u00f1adores como El Ganso y Oveja Negra. Restaurantes y bares muy bien ubicados y conocidos como el<a href=\"https:\/\/erreqerremadrid.com\/en\/\"> Erre Que Erre<\/a> de Fuencarral te reciben para que hagas una pausa en medio de tu andar.<\/p>\n\n\n\n<div class=\"wp-block-columns is-layout-flex wp-container-core-columns-is-layout-9d6595d7 wp-block-columns-is-layout-flex\">\n<div class=\"wp-block-column is-layout-flow wp-block-column-is-layout-flow\">\n<div class=\"wp-block-image\"><figure class=\"aligncenter size-large is-resized\"><img loading=\"lazy\" decoding=\"async\" src=\"https:\/\/erreqerremadrid.com\/wp-content\/uploads\/2021\/03\/calle-fuencarral-1024x819.jpg\" alt=\"calle fuencarral\" class=\"wp-image-1430\" width=\"320\" height=\"256\" srcset=\"https:\/\/erreqerremadrid.com\/wp-content\/uploads\/2021\/03\/calle-fuencarral-1024x819.jpg 1024w, https:\/\/erreqerremadrid.com\/wp-content\/uploads\/2021\/03\/calle-fuencarral-300x240.jpg 300w, https:\/\/erreqerremadrid.com\/wp-content\/uploads\/2021\/03\/calle-fuencarral-768x614.jpg 768w, https:\/\/erreqerremadrid.com\/wp-content\/uploads\/2021\/03\/calle-fuencarral-16x12.jpg 16w, https:\/\/erreqerremadrid.com\/wp-content\/uploads\/2021\/03\/calle-fuencarral.jpg 1500w\" sizes=\"auto, (max-width: 320px) 100vw, 320px\" \/><\/figure><\/div>\n<\/div>\n\n\n\n<div class=\"wp-block-column is-vertically-aligned-center is-layout-flow wp-block-column-is-layout-flow\">\n<p>La calle Fuencarral va desde la Gran V\u00eda hasta la glorieta de Quevedo. Pasando por los barrios de Chueca y Malasa\u00f1a, esta calle est\u00e1 ubicada entre el distrito Centro y el de Chamber\u00ed.<\/p>\n<\/div>\n\n\n\n<div class=\"wp-block-column is-layout-flow wp-block-column-is-layout-flow\"><\/div>\n<\/div>\n\n\n\n<h1>Lugares Conocidos de la Calle Fuencarral<\/h1>\n<h1><img loading=\"lazy\" decoding=\"async\" class=\"alignnone wp-image-1432\" src=\"https:\/\/erreqerremadrid.com\/wp-content\/uploads\/2021\/03\/Museo-de-Historia-de-Madrid-1024x570.jpg\" alt=\"Museo de Historia de Madrid\" width=\"668\" height=\"372\" srcset=\"https:\/\/erreqerremadrid.com\/wp-content\/uploads\/2021\/03\/Museo-de-Historia-de-Madrid-1024x570.jpg 1024w, https:\/\/erreqerremadrid.com\/wp-content\/uploads\/2021\/03\/Museo-de-Historia-de-Madrid-300x167.jpg 300w, https:\/\/erreqerremadrid.com\/wp-content\/uploads\/2021\/03\/Museo-de-Historia-de-Madrid-768x428.jpg 768w, https:\/\/erreqerremadrid.com\/wp-content\/uploads\/2021\/03\/Museo-de-Historia-de-Madrid-16x9.jpg 16w, https:\/\/erreqerremadrid.com\/wp-content\/uploads\/2021\/03\/Museo-de-Historia-de-Madrid.jpg 1500w\" sizes=\"auto, (max-width: 668px) 100vw, 668px\" \/><\/h1>\n<p>\u00a0<\/p>\n<ul>\n<li>El Mercado de San Ildefonso. Primer Street food market de Madrid, inspirado en los de Nueva York y Londres.<\/li>\n<li>El Museo de Historia de Madrid, conocido como el antiguo Museo Municipal. Se encuentra ubicado en el edificio del Real Hospicio de San Fernando. Muestra la evoluci\u00f3n hist\u00f3rica de Madrid en cuanto a arte, industrias, vida cotidiana y costumbres.<\/li>\n<li>El Teatro Maravillas. Se sit\u00faa en el barrio de Malasa\u00f1a. En su programaci\u00f3n predominan las comedias y obras infantiles, con obras de gran \u00e9xito como \u201cEl Mago de Oz\u201d.<\/li>\n<li>La glorieta de Bilbao. Es una plaza en forma de estrella ubicada entre los distritos de Centro y Chamber\u00ed. Toma su nombre de la Puerta de Bilbao y es la que le da fin a la calle de Fuencarral.<\/li>\n<\/ul>\n<h1>\u00bfQu\u00e9 puedes encontrar en los restaurantes de la calle Fuencarral en Madrid?<\/h1>\n<h1><img loading=\"lazy\" decoding=\"async\" class=\"alignnone wp-image-1433\" src=\"https:\/\/erreqerremadrid.com\/wp-content\/uploads\/2021\/03\/restaurante-en-calle-fuencarral.jpg\" alt=\"restaurante en calle fuencarral\" width=\"811\" height=\"461\" srcset=\"https:\/\/erreqerremadrid.com\/wp-content\/uploads\/2021\/03\/restaurante-en-calle-fuencarral.jpg 1900w, https:\/\/erreqerremadrid.com\/wp-content\/uploads\/2021\/03\/restaurante-en-calle-fuencarral-300x171.jpg 300w, https:\/\/erreqerremadrid.com\/wp-content\/uploads\/2021\/03\/restaurante-en-calle-fuencarral-1024x582.jpg 1024w, https:\/\/erreqerremadrid.com\/wp-content\/uploads\/2021\/03\/restaurante-en-calle-fuencarral-768x437.jpg 768w, https:\/\/erreqerremadrid.com\/wp-content\/uploads\/2021\/03\/restaurante-en-calle-fuencarral-1536x873.jpg 1536w, https:\/\/erreqerremadrid.com\/wp-content\/uploads\/2021\/03\/restaurante-en-calle-fuencarral-16x9.jpg 16w\" sizes=\"auto, (max-width: 811px) 100vw, 811px\" \/><\/h1>\n<ul>\n<li>Lugares acogedores de mucha actividad y modernidad mezclado con historia.<\/li>\n<li><a href=\"https:\/\/erreqerremadrid.com\/en\/erre-que-erre-fuencarral\/\">Terrazas espectaculares<\/a> en donde disfrutar de unas <a href=\"tel:+34910558830\">copas o una comida<\/a> con tu pareja, familiares y amigos.<\/li>\n<li>Cerca de las principales calles del centro de Madrid y de innumerables tiendas.<\/li>\n<li>Gastronom\u00eda moderna fusionada con la tradici\u00f3n espa\u00f1ola.<\/li>\n<\/ul>\n<p>Si buscas un lugar en donde disfrutar de una buena comida madrile\u00f1a o simplemente deseas unas copas, ll\u00e9gate a nuestro <a href=\"https:\/\/erreqerremadrid.com\/en\/erre-que-erre-fuencarral\/\">Restaurante Erre Que Erre en la calle Fuencarral<\/a>, Madrid.<\/p>\n<p>\u00a0<\/p>\n\n\n\n<p><\/p>\n<\/div>\n<\/div>","protected":false},"excerpt":{"rendered":"<p>Restaurantes de la calle Fuencarral en Madrid \u00bfQu\u00e9 andas buscando Restaurantes de la calle Fuencarral en Madrid?. Bueno\u00a0 debes saber que esta calle\u00a0es una v\u00eda comercial muy populosa y transitada. Llena de tiendas de ropa, ferreter\u00edas, electr\u00f3nica, restaurantes y dem\u00e1s negocios. \u00a0Te topar\u00e1s con marcas de renombre tanto nacionales como internacionales. Puedes encontrar algunas como &#8230; <a title=\"Restaurantes de la calle Fuencarral en Madrid\" class=\"read-more\" href=\"https:\/\/erreqerremadrid.com\/en\/restaurantes-de-la-calle-fuencarral-en-madrid\/\" aria-label=\"More on Restaurantes de la calle Fuencarral en Madrid\">Read more<\/a><\/p>","protected":false},"author":1,"featured_media":0,"parent":0,"menu_order":0,"comment_status":"closed","ping_status":"closed","template":"","meta":{"footnotes":""},"class_list":["post-1420","page","type-page","status-publish"],"yoast_head":"<!-- This site is optimized with the Yoast SEO plugin v19.9 - https:\/\/yoast.com\/wordpress\/plugins\/seo\/ -->\n<title>Restaurantes de la calle Fuencarral en Madrid - Erre Que Erre \ud83e\udd42<\/title>\n<meta name=\"description\" content=\"\u00bfQu\u00e9 andas buscando Restaurantes de la calle Fuencarral en Madrid?. Descubre todo lo que necesitas saber aqu\u00ed\" \/>\n<meta name=\"robots\" content=\"index, follow, max-snippet:-1, max-image-preview:large, max-video-preview:-1\" \/>\n<link rel=\"canonical\" href=\"https:\/\/erreqerremadrid.com\/en\/restaurantes-de-la-calle-fuencarral-en-madrid\/\" \/>\n<meta property=\"og:locale\" content=\"en_US\" \/>\n<meta property=\"og:type\" content=\"article\" \/>\n<meta property=\"og:title\" content=\"Restaurantes de la calle Fuencarral en Madrid - Erre Que Erre \ud83e\udd42\" \/>\n<meta property=\"og:description\" content=\"\u00bfQu\u00e9 andas buscando Restaurantes de la calle Fuencarral en Madrid?. Descubre todo lo que necesitas saber aqu\u00ed\" \/>\n<meta property=\"og:url\" content=\"https:\/\/erreqerremadrid.com\/en\/restaurantes-de-la-calle-fuencarral-en-madrid\/\" \/>\n<meta property=\"article:modified_time\" content=\"2021-03-29T14:22:21+00:00\" \/>\n<meta property=\"og:image\" content=\"https:\/\/erreqerremadrid.com\/wp-content\/uploads\/2021\/03\/restaurantes-en-calle-fuencarral.jpg\" \/>\n<meta name=\"twitter:card\" content=\"summary_large_image\" \/>\n<meta name=\"twitter:label1\" content=\"Est. reading time\" \/>\n\t<meta name=\"twitter:data1\" content=\"3 minutes\" \/>\n<script type=\"application\/ld+json\" class=\"yoast-schema-graph\">{\"@context\":\"https:\/\/schema.org\",\"@graph\":[{\"@type\":\"WebPage\",\"@id\":\"https:\/\/erreqerremadrid.com\/restaurantes-de-la-calle-fuencarral-en-madrid\/\",\"url\":\"https:\/\/erreqerremadrid.com\/restaurantes-de-la-calle-fuencarral-en-madrid\/\",\"name\":\"Restaurantes de la calle Fuencarral en Madrid - Erre Que Erre \ud83e\udd42\",\"isPartOf\":{\"@id\":\"https:\/\/erreqerremadrid.com\/#website\"},\"datePublished\":\"2021-03-29T13:22:58+00:00\",\"dateModified\":\"2021-03-29T14:22:21+00:00\",\"description\":\"\u00bfQu\u00e9 andas buscando Restaurantes de la calle Fuencarral en Madrid?. Descubre todo lo que necesitas saber aqu\u00ed\",\"breadcrumb\":{\"@id\":\"https:\/\/erreqerremadrid.com\/restaurantes-de-la-calle-fuencarral-en-madrid\/#breadcrumb\"},\"inLanguage\":\"en-US\",\"potentialAction\":[{\"@type\":\"ReadAction\",\"target\":[\"https:\/\/erreqerremadrid.com\/restaurantes-de-la-calle-fuencarral-en-madrid\/\"]}]},{\"@type\":\"BreadcrumbList\",\"@id\":\"https:\/\/erreqerremadrid.com\/restaurantes-de-la-calle-fuencarral-en-madrid\/#breadcrumb\",\"itemListElement\":[{\"@type\":\"ListItem\",\"position\":1,\"name\":\"Portada\",\"item\":\"https:\/\/erreqerremadrid.com\/\"},{\"@type\":\"ListItem\",\"position\":2,\"name\":\"Restaurantes de la calle Fuencarral en Madrid\"}]},{\"@type\":\"WebSite\",\"@id\":\"https:\/\/erreqerremadrid.com\/#website\",\"url\":\"https:\/\/erreqerremadrid.com\/\",\"name\":\"\",\"description\":\"\",\"publisher\":{\"@id\":\"https:\/\/erreqerremadrid.com\/#organization\"},\"potentialAction\":[{\"@type\":\"SearchAction\",\"target\":{\"@type\":\"EntryPoint\",\"urlTemplate\":\"https:\/\/erreqerremadrid.com\/?s={search_term_string}\"},\"query-input\":\"required name=search_term_string\"}],\"inLanguage\":\"en-US\"},{\"@type\":\"Organization\",\"@id\":\"https:\/\/erreqerremadrid.com\/#organization\",\"name\":\"Erre Que Erre\",\"url\":\"https:\/\/erreqerremadrid.com\/\",\"logo\":{\"@type\":\"ImageObject\",\"inLanguage\":\"en-US\",\"@id\":\"https:\/\/erreqerremadrid.com\/#\/schema\/logo\/image\/\",\"url\":\"https:\/\/erreqerremadrid.com\/wp-content\/uploads\/2020\/12\/logo-1.png\",\"contentUrl\":\"https:\/\/erreqerremadrid.com\/wp-content\/uploads\/2020\/12\/logo-1.png\",\"width\":560,\"height\":182,\"caption\":\"Erre Que Erre\"},\"image\":{\"@id\":\"https:\/\/erreqerremadrid.com\/#\/schema\/logo\/image\/\"}}]}<\/script>\n<!-- \/ Yoast SEO plugin. -->","yoast_head_json":{"title":"Restaurantes de la calle Fuencarral en Madrid - Erre Que Erre \ud83e\udd42","description":"\u00bfQu\u00e9 andas buscando Restaurantes de la calle Fuencarral en Madrid?. Descubre todo lo que necesitas saber aqu\u00ed","robots":{"index":"index","follow":"follow","max-snippet":"max-snippet:-1","max-image-preview":"max-image-preview:large","max-video-preview":"max-video-preview:-1"},"canonical":"https:\/\/erreqerremadrid.com\/en\/restaurantes-de-la-calle-fuencarral-en-madrid\/","og_locale":"en_US","og_type":"article","og_title":"Restaurantes de la calle Fuencarral en Madrid - Erre Que Erre \ud83e\udd42","og_description":"\u00bfQu\u00e9 andas buscando Restaurantes de la calle Fuencarral en Madrid?. Descubre todo lo que necesitas saber aqu\u00ed","og_url":"https:\/\/erreqerremadrid.com\/en\/restaurantes-de-la-calle-fuencarral-en-madrid\/","article_modified_time":"2021-03-29T14:22:21+00:00","og_image":[{"url":"https:\/\/erreqerremadrid.com\/wp-content\/uploads\/2021\/03\/restaurantes-en-calle-fuencarral.jpg"}],"twitter_card":"summary_large_image","twitter_misc":{"Est. reading time":"3 minutes"},"schema":{"@context":"https:\/\/schema.org","@graph":[{"@type":"WebPage","@id":"https:\/\/erreqerremadrid.com\/restaurantes-de-la-calle-fuencarral-en-madrid\/","url":"https:\/\/erreqerremadrid.com\/restaurantes-de-la-calle-fuencarral-en-madrid\/","name":"Restaurantes de la calle Fuencarral en Madrid - Erre Que Erre \ud83e\udd42","isPartOf":{"@id":"https:\/\/erreqerremadrid.com\/#website"},"datePublished":"2021-03-29T13:22:58+00:00","dateModified":"2021-03-29T14:22:21+00:00","description":"\u00bfQu\u00e9 andas buscando Restaurantes de la calle Fuencarral en Madrid?. Descubre todo lo que necesitas saber aqu\u00ed","breadcrumb":{"@id":"https:\/\/erreqerremadrid.com\/restaurantes-de-la-calle-fuencarral-en-madrid\/#breadcrumb"},"inLanguage":"en-US","potentialAction":[{"@type":"ReadAction","target":["https:\/\/erreqerremadrid.com\/restaurantes-de-la-calle-fuencarral-en-madrid\/"]}]},{"@type":"BreadcrumbList","@id":"https:\/\/erreqerremadrid.com\/restaurantes-de-la-calle-fuencarral-en-madrid\/#breadcrumb","itemListElement":[{"@type":"ListItem","position":1,"name":"Portada","item":"https:\/\/erreqerremadrid.com\/"},{"@type":"ListItem","position":2,"name":"Restaurantes de la calle Fuencarral en Madrid"}]},{"@type":"WebSite","@id":"https:\/\/erreqerremadrid.com\/#website","url":"https:\/\/erreqerremadrid.com\/","name":"","description":"","publisher":{"@id":"https:\/\/erreqerremadrid.com\/#organization"},"potentialAction":[{"@type":"SearchAction","target":{"@type":"EntryPoint","urlTemplate":"https:\/\/erreqerremadrid.com\/?s={search_term_string}"},"query-input":"required name=search_term_string"}],"inLanguage":"en-US"},{"@type":"Organization","@id":"https:\/\/erreqerremadrid.com\/#organization","name":"Erre Que Erre","url":"https:\/\/erreqerremadrid.com\/","logo":{"@type":"ImageObject","inLanguage":"en-US","@id":"https:\/\/erreqerremadrid.com\/#\/schema\/logo\/image\/","url":"https:\/\/erreqerremadrid.com\/wp-content\/uploads\/2020\/12\/logo-1.png","contentUrl":"https:\/\/erreqerremadrid.com\/wp-content\/uploads\/2020\/12\/logo-1.png","width":560,"height":182,"caption":"Erre Que Erre"},"image":{"@id":"https:\/\/erreqerremadrid.com\/#\/schema\/logo\/image\/"}}]}},"_links":{"self":[{"href":"https:\/\/erreqerremadrid.com\/en\/wp-json\/wp\/v2\/pages\/1420","targetHints":{"allow":["GET"]}}],"collection":[{"href":"https:\/\/erreqerremadrid.com\/en\/wp-json\/wp\/v2\/pages"}],"about":[{"href":"https:\/\/erreqerremadrid.com\/en\/wp-json\/wp\/v2\/types\/page"}],"author":[{"embeddable":true,"href":"https:\/\/erreqerremadrid.com\/en\/wp-json\/wp\/v2\/users\/1"}],"replies":[{"embeddable":true,"href":"https:\/\/erreqerremadrid.com\/en\/wp-json\/wp\/v2\/comments?post=1420"}],"version-history":[{"count":19,"href":"https:\/\/erreqerremadrid.com\/en\/wp-json\/wp\/v2\/pages\/1420\/revisions"}],"predecessor-version":[{"id":1454,"href":"https:\/\/erreqerremadrid.com\/en\/wp-json\/wp\/v2\/pages\/1420\/revisions\/1454"}],"wp:attachment":[{"href":"https:\/\/erreqerremadrid.com\/en\/wp-json\/wp\/v2\/media?parent=1420"}],"curies":[{"name":"wp","href":"https:\/\/api.w.org\/{rel}","templated":true}]}}