{"id":1271,"date":"2021-02-22T13:26:53","date_gmt":"2021-02-22T13:26:53","guid":{"rendered":"https:\/\/erreqerremadrid.com\/?page_id=1271"},"modified":"2021-02-23T22:37:47","modified_gmt":"2021-02-23T22:37:47","slug":"politica-de-cookies","status":"publish","type":"page","link":"https:\/\/erreqerremadrid.com\/en\/politica-de-cookies\/","title":{"rendered":"Cookies policy"},"content":{"rendered":"<div class=\"wp-block-columns is-layout-flex wp-container-core-columns-is-layout-9d6595d7 wp-block-columns-is-layout-flex\">\n<div class=\"wp-block-column container is-layout-flow wp-block-column-is-layout-flow\">\n<h1 style=\"text-align: center;\">POLITICA DE COOKIES<\/h1>\n<p>Las cookies son peque\u00f1as cantidades de informaci\u00f3n que se almacenan en el navegador utilizado por cada usuario para que el servidor recuerde cierta informaci\u00f3n que posteriormente pueda utilizar.<\/p>\n<h4>TIPOS DE COOKIES QUE UTILIZAMOS<\/h4>\n<p>Esta p\u00e1gina web utiliza cookies de terceros que son aquellas que se env\u00edan a tu ordenador o terminal desde un dominio o una p\u00e1gina web que no es gestionada por nosotros, sino por otra entidad que trata los datos obtenidos a trav\u00e9s de las cookies.<\/p>\n<p>En este caso las Cookies son utilizadas con fines estad\u00edsticos relacionados con las visitas que recibe y las p\u00e1ginas que se consultan, quedando aceptado su uso al navegar por ella.<\/p>\n<figure class=\"wp-block-table\">\n<table>\n<tbody>\n<tr>\n<th>COOKIE<br>(Y PROVEEDOR)<\/th>\n<th>DURACI\u00d3N<\/th>\n<th>DESCRIPCI\u00d3N<\/th>\n<\/tr>\n<tr>\n<td>__cfduid (notin.es)<\/td>\n<td>Sesi\u00f3n<\/td>\n<td>Publicidad<\/td>\n<\/tr>\n<tr>\n<td>personalization_id (twitter.com)<\/td>\n<td>Sesi\u00f3n<\/td>\n<td>Twitter<\/td>\n<\/tr>\n<tr>\n<td>Facebook<\/td>\n<td>Publicidad, estad\u00edsticas y mediciones<\/td>\n<td>Coloca Cookies en el ordenador o dispositivo y recibe la informaci\u00f3n almacenada en ellas cuando utilizas o visitas servicios prestados por otras empresas que utilizan los servicios de Facebook.<\/td>\n<\/tr>\n<tr>\n<td>_ga (Google)<\/td>\n<td>2 a\u00f1os<\/td>\n<td>Se usa para distinguir a los usuarios.<\/td>\n<\/tr>\n<tr>\n<td>_gid (Google)<\/td>\n<td>24 horas<\/td>\n<td>Se usa para distinguir a los usuarios.<\/td>\n<\/tr>\n<tr>\n<td>_gat (Google)<\/td>\n<td>1&nbsp;minuto<\/td>\n<td>Se usa para limitar el porcentaje de solicitudes. Si has implementado Google Analytics mediante Google&nbsp;Tag&nbsp;Manager, esta cookie se llamar\u00e1 _dc_gtm_&lt;property-id&gt;.<\/td>\n<\/tr>\n<tr>\n<td>_gali (Google)<\/td>\n<td>30s<\/td>\n<td>Atribuci\u00f3n de enlace mejorada.<\/td>\n<\/tr>\n<tr>\n<td>_unam (SHARETHIS)<\/td>\n<td>Persistente<\/td>\n<td>Su finalidad es cuantificar el n\u00famero de Usuarios que comparten un determinado contenido y cu\u00e1ntas p\u00e1ginas web son visitadas a ra\u00edz de esa acci\u00f3n.<\/td>\n<\/tr>\n<tr>\n<td>WordPress<\/td>\n<td>2 a\u00f1os<\/td>\n<td>Utilizado para el correcto funcionamiento del gestor de contenido WordPress.<\/td>\n<\/tr>\n<\/tbody>\n<\/table>\n<\/figure>\n<p>Si desea m\u00e1s informaci\u00f3n m\u00e1s sobre los tipos de cookies de seguimiento y an\u00e1lisis de datos de Google&nbsp;<a class=\"rank-math-link\" href=\"https:\/\/www.google.com\/intl\/es_es\/policies\/technologies\/types\/\" target=\"_blank\" rel=\"noopener\">haga clic aqu\u00ed<\/a>.<\/p>\n<p>Para informarse sobre c\u00f3mo eliminar las cookies de su explorador:<\/p>\n<ul>\n<li><a class=\"rank-math-link\" href=\"https:\/\/support.mozilla.org\/es\/kb\/habilitar-y-deshabilitar-cookies-sitios-web-rastrear-preferencias\" target=\"_blank\" rel=\"noopener\">Firefox<\/a><\/li>\n<li><a class=\"rank-math-link\" href=\"https:\/\/support.google.com\/chrome\/answer\/95647?hl=es\" target=\"_blank\" rel=\"noopener\">Chrome<\/a><\/li>\n<li><a class=\"rank-math-link\" href=\"https:\/\/support.microsoft.com\/es-es\/topic\/eliminar-y-administrar-cookies-168dab11-0753-043d-7c16-ede5947fc64d\" target=\"_blank\" rel=\"noopener\">Internet Explorer<\/a><\/li>\n<li><a class=\"rank-math-link\" href=\"https:\/\/support.apple.com\/kb\/PH19214?viewlocale=es_ES&amp;locale=es_ES\" target=\"_blank\" rel=\"noopener\">Safari<\/a><\/li>\n<li><a class=\"rank-math-link\" href=\"https:\/\/www.allaboutcookies.org\/es\/administrar-las-cookies\/opera.html\" target=\"_blank\" rel=\"noopener\">Opera<\/a><\/li>\n<\/ul>\n<\/div>\n<\/div>","protected":false},"excerpt":{"rendered":"<p>POLITICA DE COOKIES Las cookies son peque\u00f1as cantidades de informaci\u00f3n que se almacenan en el navegador utilizado por cada usuario para que el servidor recuerde cierta informaci\u00f3n que posteriormente pueda utilizar. TIPOS DE COOKIES QUE UTILIZAMOS Esta p\u00e1gina web utiliza cookies de terceros que son aquellas que se env\u00edan a tu ordenador o terminal desde &#8230; <a title=\"Cookies policy\" class=\"read-more\" href=\"https:\/\/erreqerremadrid.com\/en\/politica-de-cookies\/\" aria-label=\"More on Pol\u00edtica de Cookies\">Read more<\/a><\/p>","protected":false},"author":1,"featured_media":0,"parent":0,"menu_order":0,"comment_status":"closed","ping_status":"closed","template":"","meta":{"footnotes":""},"class_list":["post-1271","page","type-page","status-publish"],"yoast_head":"<!-- This site is optimized with the Yoast SEO plugin v19.9 - https:\/\/yoast.com\/wordpress\/plugins\/seo\/ -->\n<title>Pol\u00edtica de Cookies -<\/title>\n<meta name=\"description\" content=\"ErreQueErre, Restaurantes en Madrid, deliciosos platos as\u00ed como tapas, tostas y bebidas para disfrutar en terraza con tu pareja o amigos.\" \/>\n<meta name=\"robots\" content=\"noindex, nofollow\" \/>\n<meta property=\"og:locale\" content=\"en_US\" \/>\n<meta property=\"og:type\" content=\"article\" \/>\n<meta property=\"og:title\" content=\"Pol\u00edtica de Cookies -\" \/>\n<meta property=\"og:description\" content=\"ErreQueErre, Restaurantes en Madrid, deliciosos platos as\u00ed como tapas, tostas y bebidas para disfrutar en terraza con tu pareja o amigos.\" \/>\n<meta property=\"og:url\" content=\"https:\/\/erreqerremadrid.com\/en\/politica-de-cookies\/\" \/>\n<meta property=\"article:modified_time\" content=\"2021-02-23T22:37:47+00:00\" \/>\n<meta name=\"twitter:card\" content=\"summary_large_image\" \/>\n<meta name=\"twitter:label1\" content=\"Est. reading time\" \/>\n\t<meta name=\"twitter:data1\" content=\"2 minutes\" \/>\n<script type=\"application\/ld+json\" class=\"yoast-schema-graph\">{\"@context\":\"https:\/\/schema.org\",\"@graph\":[{\"@type\":\"WebPage\",\"@id\":\"https:\/\/erreqerremadrid.com\/politica-de-cookies\/\",\"url\":\"https:\/\/erreqerremadrid.com\/politica-de-cookies\/\",\"name\":\"Pol\u00edtica de Cookies -\",\"isPartOf\":{\"@id\":\"https:\/\/erreqerremadrid.com\/#website\"},\"datePublished\":\"2021-02-22T13:26:53+00:00\",\"dateModified\":\"2021-02-23T22:37:47+00:00\",\"description\":\"ErreQueErre, Restaurantes en Madrid, deliciosos platos as\u00ed como tapas, tostas y bebidas para disfrutar en terraza con tu pareja o amigos.\",\"breadcrumb\":{\"@id\":\"https:\/\/erreqerremadrid.com\/politica-de-cookies\/#breadcrumb\"},\"inLanguage\":\"en-US\",\"potentialAction\":[{\"@type\":\"ReadAction\",\"target\":[\"https:\/\/erreqerremadrid.com\/politica-de-cookies\/\"]}]},{\"@type\":\"BreadcrumbList\",\"@id\":\"https:\/\/erreqerremadrid.com\/politica-de-cookies\/#breadcrumb\",\"itemListElement\":[{\"@type\":\"ListItem\",\"position\":1,\"name\":\"Portada\",\"item\":\"https:\/\/erreqerremadrid.com\/\"},{\"@type\":\"ListItem\",\"position\":2,\"name\":\"Pol\u00edtica de Cookies\"}]},{\"@type\":\"WebSite\",\"@id\":\"https:\/\/erreqerremadrid.com\/#website\",\"url\":\"https:\/\/erreqerremadrid.com\/\",\"name\":\"\",\"description\":\"\",\"publisher\":{\"@id\":\"https:\/\/erreqerremadrid.com\/#organization\"},\"potentialAction\":[{\"@type\":\"SearchAction\",\"target\":{\"@type\":\"EntryPoint\",\"urlTemplate\":\"https:\/\/erreqerremadrid.com\/?s={search_term_string}\"},\"query-input\":\"required name=search_term_string\"}],\"inLanguage\":\"en-US\"},{\"@type\":\"Organization\",\"@id\":\"https:\/\/erreqerremadrid.com\/#organization\",\"name\":\"Erre Que Erre\",\"url\":\"https:\/\/erreqerremadrid.com\/\",\"logo\":{\"@type\":\"ImageObject\",\"inLanguage\":\"en-US\",\"@id\":\"https:\/\/erreqerremadrid.com\/#\/schema\/logo\/image\/\",\"url\":\"https:\/\/erreqerremadrid.com\/wp-content\/uploads\/2020\/12\/logo-1.png\",\"contentUrl\":\"https:\/\/erreqerremadrid.com\/wp-content\/uploads\/2020\/12\/logo-1.png\",\"width\":560,\"height\":182,\"caption\":\"Erre Que Erre\"},\"image\":{\"@id\":\"https:\/\/erreqerremadrid.com\/#\/schema\/logo\/image\/\"}}]}<\/script>\n<!-- \/ Yoast SEO plugin. -->","yoast_head_json":{"title":"Pol\u00edtica de Cookies -","description":"ErreQueErre, Restaurantes en Madrid, deliciosos platos as\u00ed como tapas, tostas y bebidas para disfrutar en terraza con tu pareja o amigos.","robots":{"index":"noindex","follow":"nofollow"},"og_locale":"en_US","og_type":"article","og_title":"Pol\u00edtica de Cookies -","og_description":"ErreQueErre, Restaurantes en Madrid, deliciosos platos as\u00ed como tapas, tostas y bebidas para disfrutar en terraza con tu pareja o amigos.","og_url":"https:\/\/erreqerremadrid.com\/en\/politica-de-cookies\/","article_modified_time":"2021-02-23T22:37:47+00:00","twitter_card":"summary_large_image","twitter_misc":{"Est. reading time":"2 minutes"},"schema":{"@context":"https:\/\/schema.org","@graph":[{"@type":"WebPage","@id":"https:\/\/erreqerremadrid.com\/politica-de-cookies\/","url":"https:\/\/erreqerremadrid.com\/politica-de-cookies\/","name":"Pol\u00edtica de Cookies -","isPartOf":{"@id":"https:\/\/erreqerremadrid.com\/#website"},"datePublished":"2021-02-22T13:26:53+00:00","dateModified":"2021-02-23T22:37:47+00:00","description":"ErreQueErre, Restaurantes en Madrid, deliciosos platos as\u00ed como tapas, tostas y bebidas para disfrutar en terraza con tu pareja o amigos.","breadcrumb":{"@id":"https:\/\/erreqerremadrid.com\/politica-de-cookies\/#breadcrumb"},"inLanguage":"en-US","potentialAction":[{"@type":"ReadAction","target":["https:\/\/erreqerremadrid.com\/politica-de-cookies\/"]}]},{"@type":"BreadcrumbList","@id":"https:\/\/erreqerremadrid.com\/politica-de-cookies\/#breadcrumb","itemListElement":[{"@type":"ListItem","position":1,"name":"Portada","item":"https:\/\/erreqerremadrid.com\/"},{"@type":"ListItem","position":2,"name":"Pol\u00edtica de Cookies"}]},{"@type":"WebSite","@id":"https:\/\/erreqerremadrid.com\/#website","url":"https:\/\/erreqerremadrid.com\/","name":"","description":"","publisher":{"@id":"https:\/\/erreqerremadrid.com\/#organization"},"potentialAction":[{"@type":"SearchAction","target":{"@type":"EntryPoint","urlTemplate":"https:\/\/erreqerremadrid.com\/?s={search_term_string}"},"query-input":"required name=search_term_string"}],"inLanguage":"en-US"},{"@type":"Organization","@id":"https:\/\/erreqerremadrid.com\/#organization","name":"Erre Que Erre","url":"https:\/\/erreqerremadrid.com\/","logo":{"@type":"ImageObject","inLanguage":"en-US","@id":"https:\/\/erreqerremadrid.com\/#\/schema\/logo\/image\/","url":"https:\/\/erreqerremadrid.com\/wp-content\/uploads\/2020\/12\/logo-1.png","contentUrl":"https:\/\/erreqerremadrid.com\/wp-content\/uploads\/2020\/12\/logo-1.png","width":560,"height":182,"caption":"Erre Que Erre"},"image":{"@id":"https:\/\/erreqerremadrid.com\/#\/schema\/logo\/image\/"}}]}},"_links":{"self":[{"href":"https:\/\/erreqerremadrid.com\/en\/wp-json\/wp\/v2\/pages\/1271","targetHints":{"allow":["GET"]}}],"collection":[{"href":"https:\/\/erreqerremadrid.com\/en\/wp-json\/wp\/v2\/pages"}],"about":[{"href":"https:\/\/erreqerremadrid.com\/en\/wp-json\/wp\/v2\/types\/page"}],"author":[{"embeddable":true,"href":"https:\/\/erreqerremadrid.com\/en\/wp-json\/wp\/v2\/users\/1"}],"replies":[{"embeddable":true,"href":"https:\/\/erreqerremadrid.com\/en\/wp-json\/wp\/v2\/comments?post=1271"}],"version-history":[{"count":2,"href":"https:\/\/erreqerremadrid.com\/en\/wp-json\/wp\/v2\/pages\/1271\/revisions"}],"predecessor-version":[{"id":1277,"href":"https:\/\/erreqerremadrid.com\/en\/wp-json\/wp\/v2\/pages\/1271\/revisions\/1277"}],"wp:attachment":[{"href":"https:\/\/erreqerremadrid.com\/en\/wp-json\/wp\/v2\/media?parent=1271"}],"curies":[{"name":"wp","href":"https:\/\/api.w.org\/{rel}","templated":true}]}}